{"id":683,"date":"2023-02-17T23:46:20","date_gmt":"2023-02-17T22:46:20","guid":{"rendered":"https:\/\/ticinoweb02.jcloud.ik-server.com\/alpagrum\/produit\/pomelo-enzo\/"},"modified":"2026-03-28T21:08:57","modified_gmt":"2026-03-28T20:08:57","slug":"pompelmo-enzo","status":"publish","type":"product","link":"https:\/\/alpagrumi.ch\/it\/prodotto\/pompelmo-enzo\/","title":{"rendered":"Pomelo Enzo"},"content":{"rendered":"<p>Un&#8217;eccellente variet\u00e0 di Pomelo, discendente dal Pomelo Duncan. \u00c8 stata scoperta e selezionata nelle C\u00e9vennes, nel sud della Francia.<\/p>\n<p>Frutto grande (250gr, diametro 10cm), con polpa gialla, dolce, molto succosa e profumata. Si raccoglie tardi, in tarda primavera o all&#8217;inizio dell&#8217;estate. I frutti possono svernare sull&#8217;albero e resistere a -12\u00b0C.<\/p>\n<p>L&#8217;albero ha spine corte. \u00c8 moderatamente vigoroso e produttivo.<\/p>\n<p>Riferimenti:<\/p>\n<p><a href=\"https:\/\/idtools.org\/tools\/1076\/index.cfm?packageID=1179&amp;entityID=8489\">https:\/\/idtools.org\/tools\/1076\/index.cfm?packageID=1179&amp;entityID=8489<\/a><br \/>\n<a href=\"https:\/\/citrusvariety.ucr.edu\/crc3832\">https:\/\/citrusvariety.ucr.edu\/crc3832<\/a><\/p>\n<p>&nbsp;<\/p>\n","protected":false},"excerpt":{"rendered":"<p class=\"Standard\"><i>(Citrus paradisi)<br \/>\n<\/i>Su portainnesto Forner-Alcaide 5 (FA5) o Citrumelo Swingle (CPB-4475)<\/p>\n<p>&nbsp;<\/p>\n<p>&nbsp;<\/p>\n","protected":false},"featured_media":4685,"comment_status":"closed","ping_status":"closed","template":"","meta":{"_seopress_robots_primary_cat":"none","_seopress_titles_title":"","_seopress_titles_desc":"","_seopress_robots_index":""},"product_brand":[],"product_cat":[50],"product_tag":[],"class_list":{"0":"post-683","1":"product","2":"type-product","3":"status-publish","4":"has-post-thumbnail","6":"product_cat-non-classificato","7":"pa_taille-grande-it","8":"pa_taille-medio","9":"pa_taille-piccolo","10":"pa_taille-xl-it","12":"first","13":"outofstock","14":"purchasable","15":"product-type-variable","16":"has-default-attributes"},"_links":{"self":[{"href":"https:\/\/alpagrumi.ch\/it\/wp-json\/wp\/v2\/product\/683","targetHints":{"allow":["GET"]}}],"collection":[{"href":"https:\/\/alpagrumi.ch\/it\/wp-json\/wp\/v2\/product"}],"about":[{"href":"https:\/\/alpagrumi.ch\/it\/wp-json\/wp\/v2\/types\/product"}],"replies":[{"embeddable":true,"href":"https:\/\/alpagrumi.ch\/it\/wp-json\/wp\/v2\/comments?post=683"}],"wp:featuredmedia":[{"embeddable":true,"href":"https:\/\/alpagrumi.ch\/it\/wp-json\/wp\/v2\/media\/4685"}],"wp:attachment":[{"href":"https:\/\/alpagrumi.ch\/it\/wp-json\/wp\/v2\/media?parent=683"}],"wp:term":[{"taxonomy":"product_brand","embeddable":true,"href":"https:\/\/alpagrumi.ch\/it\/wp-json\/wp\/v2\/product_brand?post=683"},{"taxonomy":"product_cat","embeddable":true,"href":"https:\/\/alpagrumi.ch\/it\/wp-json\/wp\/v2\/product_cat?post=683"},{"taxonomy":"product_tag","embeddable":true,"href":"https:\/\/alpagrumi.ch\/it\/wp-json\/wp\/v2\/product_tag?post=683"}],"curies":[{"name":"wp","href":"https:\/\/api.w.org\/{rel}","templated":true}]}}