{"id":686,"date":"2023-02-14T00:05:25","date_gmt":"2023-02-13T23:05:25","guid":{"rendered":"https:\/\/ticinoweb02.jcloud.ik-server.com\/alpagrum\/produit\/karna-katha\/"},"modified":"2025-04-21T11:01:49","modified_gmt":"2025-04-21T09:01:49","slug":"karna-katha","status":"publish","type":"product","link":"https:\/\/alpagrumi.ch\/it\/prodotto\/karna-katha\/","title":{"rendered":"Limone Karna"},"content":{"rendered":"<p>Il limone Karna \u00e8 un ibrido naturale indiano (arancio amaro x limone), molto diffuso nello stato dell&#8217;Himachal Pradesh e nelle zone pedemontane dell&#8217;Himalaya.<\/p>\n<p>Il frutto \u00e8 grande (da 300 a 500 g) con una scorza spessa , assomiglia a un cedro arancione completamente maturo. Il sapore \u00e8 acido, un po&#8217; amaro con un leggero aroma di arancia. \u00c8 un buon limone per la stagione fredda, molto succoso.<\/p>\n<p>L&#8217;albero \u00e8 moderatamente vigoroso, con fogliame verde scuro e giovani germogli rossi.<\/p>\n<p>Riferimenti:<br \/>\n<a href=\"https:\/\/idtools.org\/tools\/1076\/index.cfm?packageID=1179&amp;entityID=8613\">https:\/\/idtools.org\/tools\/1076\/index.cfm?packageID=1179&amp;entityID=8613<\/a><\/p>\n","protected":false},"excerpt":{"rendered":"<p><em>(Citrus dimorphocarpa) o (Citrus Aurantium var. Karna)<br \/>\n<\/em>Su portainnesto Citrumelo Swingle (C4475)<\/p>\n","protected":false},"featured_media":4529,"comment_status":"closed","ping_status":"closed","template":"","meta":{"_seopress_robots_primary_cat":"none","_seopress_titles_title":"","_seopress_titles_desc":"","_seopress_robots_index":""},"product_brand":[],"product_cat":[50],"product_tag":[],"class_list":{"0":"post-686","1":"product","2":"type-product","3":"status-publish","4":"has-post-thumbnail","6":"product_cat-non-classificato","7":"pa_taille-grande-it","8":"pa_taille-medio","9":"pa_taille-piccolo","11":"first","12":"instock","13":"purchasable","14":"product-type-variable","15":"has-default-attributes"},"_links":{"self":[{"href":"https:\/\/alpagrumi.ch\/it\/wp-json\/wp\/v2\/product\/686","targetHints":{"allow":["GET"]}}],"collection":[{"href":"https:\/\/alpagrumi.ch\/it\/wp-json\/wp\/v2\/product"}],"about":[{"href":"https:\/\/alpagrumi.ch\/it\/wp-json\/wp\/v2\/types\/product"}],"replies":[{"embeddable":true,"href":"https:\/\/alpagrumi.ch\/it\/wp-json\/wp\/v2\/comments?post=686"}],"wp:featuredmedia":[{"embeddable":true,"href":"https:\/\/alpagrumi.ch\/it\/wp-json\/wp\/v2\/media\/4529"}],"wp:attachment":[{"href":"https:\/\/alpagrumi.ch\/it\/wp-json\/wp\/v2\/media?parent=686"}],"wp:term":[{"taxonomy":"product_brand","embeddable":true,"href":"https:\/\/alpagrumi.ch\/it\/wp-json\/wp\/v2\/product_brand?post=686"},{"taxonomy":"product_cat","embeddable":true,"href":"https:\/\/alpagrumi.ch\/it\/wp-json\/wp\/v2\/product_cat?post=686"},{"taxonomy":"product_tag","embeddable":true,"href":"https:\/\/alpagrumi.ch\/it\/wp-json\/wp\/v2\/product_tag?post=686"}],"curies":[{"name":"wp","href":"https:\/\/api.w.org\/{rel}","templated":true}]}}