{"id":7077,"date":"2023-02-13T12:35:36","date_gmt":"2023-02-13T11:35:36","guid":{"rendered":"https:\/\/alpagrumi.ch\/produit\/limone-meyer\/"},"modified":"2026-03-19T21:30:44","modified_gmt":"2026-03-19T20:30:44","slug":"limone-meyer","status":"publish","type":"product","link":"https:\/\/alpagrumi.ch\/it\/prodotto\/limone-meyer\/","title":{"rendered":"Limone Meyer"},"content":{"rendered":"<p>Il limone Meyer \u00e8 una passione americana da oltre un secolo, per il suo sapore, il suo profumo intenso e la sua fioritura prolifica.<br \/>\nIl suo nome deriva da F.N.Meyer, un botanico-esploratore in Asia per conto dell&#8217;USDA all&#8217;inizio del XX secolo, che scopr\u00ec questo limone e molti altri agrumi.<\/p>\n<p>L&#8217;albero di limone Meyer fiorisce pi\u00f9 volte all&#8217;anno e, una volta cresciuto, pu\u00f2 produrre limoni in tutte le stagioni.<br \/>\nMa nei climi freddi questo \u00e8 possibile solo in una serra a temperatura controllata. Se piantato all&#8217;aperto in Ticino, la raccolta avviene da novembre a febbraio.<br \/>\nIl frutto \u00e8 abbastanza rotondo e grande, giallo con una buccia sottile e molto succoso. \u00c8 pi\u00f9 dolce e meno acido di un limone tradizionale, con profumi piacevoli e complessi che sono un incrocio tra limone, lime e mandarino.<br \/>\nDiventa arancione quando \u00e8 completamente maturo.   La sua buccia \u00e8 apprezzata in cucina e in pasticceria.<\/p>\n<p>L&#8217;albero \u00e8 molto produttivo e vigoroso, con un&#8217;ottima resistenza al freddo per un limone.<br \/>\nPiantato in piena terra, raggiunge dimensioni adulte importanti per un albero di limoni, ma pu\u00f2 anche essere lasciato in vaso con una potatura adeguata.<\/p>\n<p><strong>Non adatto all&#8217;uso esterno a nord delle Alpi.<br \/>\nSolo per il Ticino o per le serre a temperatura controllata.<\/strong><\/p>\n<p>Riferimenti:<br \/>\n<a href=\"https:\/\/idtools.org\/tools\/1076\/index.cfm?packageID=1179&amp;entityID=8676\">https:\/\/idtools.org\/tools\/1076\/index.cfm?packageID=1179&amp;entityID=8676<\/a><\/p>\n","protected":false},"excerpt":{"rendered":"<p><em>(Citrus meyeri)<\/em><br \/>\nPortinnesto Forner-Alcaide 5 (FA5)<\/p>\n<p><span style=\"color: #ff6600\"><strong> <\/strong><\/span><\/p>\n<p>&nbsp;<\/p>\n","protected":false},"featured_media":13454,"comment_status":"closed","ping_status":"closed","template":"","meta":{"_seopress_robots_primary_cat":"none","_seopress_titles_title":"","_seopress_titles_desc":"","_seopress_robots_index":""},"product_brand":[],"product_cat":[50],"product_tag":[],"class_list":{"0":"post-7077","1":"product","2":"type-product","3":"status-publish","4":"has-post-thumbnail","6":"product_cat-non-classificato","7":"pa_taille-medio","8":"pa_taille-piccolo","10":"first","11":"instock","12":"purchasable","13":"product-type-variable","14":"has-default-attributes"},"_links":{"self":[{"href":"https:\/\/alpagrumi.ch\/it\/wp-json\/wp\/v2\/product\/7077","targetHints":{"allow":["GET"]}}],"collection":[{"href":"https:\/\/alpagrumi.ch\/it\/wp-json\/wp\/v2\/product"}],"about":[{"href":"https:\/\/alpagrumi.ch\/it\/wp-json\/wp\/v2\/types\/product"}],"replies":[{"embeddable":true,"href":"https:\/\/alpagrumi.ch\/it\/wp-json\/wp\/v2\/comments?post=7077"}],"wp:featuredmedia":[{"embeddable":true,"href":"https:\/\/alpagrumi.ch\/it\/wp-json\/wp\/v2\/media\/13454"}],"wp:attachment":[{"href":"https:\/\/alpagrumi.ch\/it\/wp-json\/wp\/v2\/media?parent=7077"}],"wp:term":[{"taxonomy":"product_brand","embeddable":true,"href":"https:\/\/alpagrumi.ch\/it\/wp-json\/wp\/v2\/product_brand?post=7077"},{"taxonomy":"product_cat","embeddable":true,"href":"https:\/\/alpagrumi.ch\/it\/wp-json\/wp\/v2\/product_cat?post=7077"},{"taxonomy":"product_tag","embeddable":true,"href":"https:\/\/alpagrumi.ch\/it\/wp-json\/wp\/v2\/product_tag?post=7077"}],"curies":[{"name":"wp","href":"https:\/\/api.w.org\/{rel}","templated":true}]}}