{"id":758,"date":"2023-02-15T01:01:33","date_gmt":"2023-02-15T00:01:33","guid":{"rendered":"https:\/\/ticinoweb02.jcloud.ik-server.com\/alpagrum\/produit\/hana-yuzu\/"},"modified":"2026-05-12T09:18:30","modified_gmt":"2026-05-12T07:18:30","slug":"hana-yuzu","status":"publish","type":"product","link":"https:\/\/alpagrumi.ch\/it\/prodotto\/hana-yuzu\/","title":{"rendered":"Hana Yuzu"},"content":{"rendered":"<p>L&#8217;Hana-Yuzu \u00e8 una variet\u00e0 di Yuzu pi\u00f9 piccola e compatta.<\/p>\n<p>Anche il frutto \u00e8 leggermente pi\u00f9 piccolo (50gr circa) ma pi\u00f9 succoso.<br \/>\nLa ricchezza aromatica del succo e della buccia \u00e8 identica a quella del classico Yuzu e pu\u00f2 essere utilizzata in svariati modi in cucina.<br \/>\nI frutti vengono raccolti in autunno, prima della completa maturazione, per ottenere i sapori pi\u00f9 intensi.<\/p>\n<p>L&#8217;albero \u00e8 meno vigoroso e molto meno spinoso del classico Yuzu.<\/p>\n","protected":false},"excerpt":{"rendered":"<p><em><br \/>\n(Citrus junos)<br \/>\n<\/em>Su portainnesto Forner-Alcaide 5 (FA5) o Poncirus Trifoliata<\/p>\n<p>&nbsp;<\/p>\n","protected":false},"featured_media":4629,"comment_status":"closed","ping_status":"closed","template":"","meta":{"_seopress_robots_primary_cat":"","_seopress_titles_title":"","_seopress_titles_desc":"","_seopress_robots_index":"","_seopress_analysis_target_kw":""},"product_brand":[],"product_cat":[50],"product_tag":[],"class_list":{"0":"post-758","1":"product","2":"type-product","3":"status-publish","4":"has-post-thumbnail","6":"product_cat-non-classificato","7":"pa_taille-grande-it","8":"pa_taille-medio","9":"pa_taille-piccolo","11":"first","12":"instock","13":"purchasable","14":"product-type-variable","15":"has-default-attributes"},"_links":{"self":[{"href":"https:\/\/alpagrumi.ch\/it\/wp-json\/wp\/v2\/product\/758","targetHints":{"allow":["GET"]}}],"collection":[{"href":"https:\/\/alpagrumi.ch\/it\/wp-json\/wp\/v2\/product"}],"about":[{"href":"https:\/\/alpagrumi.ch\/it\/wp-json\/wp\/v2\/types\/product"}],"replies":[{"embeddable":true,"href":"https:\/\/alpagrumi.ch\/it\/wp-json\/wp\/v2\/comments?post=758"}],"wp:featuredmedia":[{"embeddable":true,"href":"https:\/\/alpagrumi.ch\/it\/wp-json\/wp\/v2\/media\/4629"}],"wp:attachment":[{"href":"https:\/\/alpagrumi.ch\/it\/wp-json\/wp\/v2\/media?parent=758"}],"wp:term":[{"taxonomy":"product_brand","embeddable":true,"href":"https:\/\/alpagrumi.ch\/it\/wp-json\/wp\/v2\/product_brand?post=758"},{"taxonomy":"product_cat","embeddable":true,"href":"https:\/\/alpagrumi.ch\/it\/wp-json\/wp\/v2\/product_cat?post=758"},{"taxonomy":"product_tag","embeddable":true,"href":"https:\/\/alpagrumi.ch\/it\/wp-json\/wp\/v2\/product_tag?post=758"}],"curies":[{"name":"wp","href":"https:\/\/api.w.org\/{rel}","templated":true}]}}