{"id":765,"date":"2023-02-16T11:00:52","date_gmt":"2023-02-16T10:00:52","guid":{"rendered":"https:\/\/ticinoweb02.jcloud.ik-server.com\/alpagrum\/produit\/yuzu\/"},"modified":"2026-02-24T20:36:48","modified_gmt":"2026-02-24T19:36:48","slug":"yuzu","status":"publish","type":"product","link":"https:\/\/alpagrumi.ch\/it\/prodotto\/yuzu\/","title":{"rendered":"Yuzu n. 3"},"content":{"rendered":"<p>Lo Yuzu Nr 3 \u00e8 una cultivar di Yuzu selezionata 15 anni fa nel sud della Francia, per la sua resistenza al freddo e i suoi aromi intensi.<br \/>\nLo Yuzu non \u00e8 un frutto per il palato, eppure \u00e8 onnipresente nella cucina giapponese.<br \/>\nLa sua scorza, il suo succo e persino l&#8217;albedo (la parte bianca di un agrume) sono utilizzati in piatti cucinati, pasticcini, gelati, condimenti e cos\u00ec via. La marmellata di yuzu \u00e8 la pi\u00f9 ricercata tra le marmellate di agrumi, con una punta di amaro e un aroma forte.<\/p>\n<p>Potete anche utilizzare i numerosi semi per seminarli, poich\u00e9 lo Yuzu ha semi &#8220;fedeli&#8221;, a differenza di quasi tutti gli agrumi (i cui semi sono per l&#8217;80% ibridi).<\/p>\n<p>Raccolta in autunno.<\/p>\n<p>L&#8217;albero \u00e8 vigoroso, molto spinoso e molto produttivo. Questo particolare cultivar \u00e8 meno soggetto all&#8217;alternanza (nessuna bassa produzione ogni due anni).<\/p>\n<p>Riferimenti:<\/p>\n<p><a href=\"https:\/\/idtools.org\/tools\/1076\/index.cfm?packageID=1179&amp;entityID=8922\">https:\/\/idtools.org\/tools\/1076\/index.cfm?packageID=1179&amp;entityID=8922<\/a><\/p>\n<p><a href=\"https:\/\/citrusvariety.ucr.edu\/crc1216\">https:\/\/citrusvariety.ucr.edu\/crc1216<\/a><\/p>\n<p>&nbsp;<\/p>\n","protected":false},"excerpt":{"rendered":"<p><em>(Citrus junos)<br \/>\n<\/em>Su portainnesto Forner-Alcaide 5 o Citrumelo Swingle (C4475)<\/p>\n<p><span style=\"color: #ff6600\"><strong><br \/>\n<\/strong><strong><br \/>\n<\/strong><\/span><\/p>\n","protected":false},"featured_media":359,"comment_status":"closed","ping_status":"closed","template":"","meta":{"_seopress_robots_primary_cat":"none","_seopress_titles_title":"","_seopress_titles_desc":"","_seopress_robots_index":""},"product_brand":[],"product_cat":[50],"product_tag":[],"class_list":{"0":"post-765","1":"product","2":"type-product","3":"status-publish","4":"has-post-thumbnail","6":"product_cat-non-classificato","7":"pa_taille-grande-it","8":"pa_taille-medio","9":"pa_taille-piccolo","10":"pa_taille-xl-it","12":"first","13":"instock","14":"purchasable","15":"product-type-variable","16":"has-default-attributes"},"_links":{"self":[{"href":"https:\/\/alpagrumi.ch\/it\/wp-json\/wp\/v2\/product\/765","targetHints":{"allow":["GET"]}}],"collection":[{"href":"https:\/\/alpagrumi.ch\/it\/wp-json\/wp\/v2\/product"}],"about":[{"href":"https:\/\/alpagrumi.ch\/it\/wp-json\/wp\/v2\/types\/product"}],"replies":[{"embeddable":true,"href":"https:\/\/alpagrumi.ch\/it\/wp-json\/wp\/v2\/comments?post=765"}],"wp:featuredmedia":[{"embeddable":true,"href":"https:\/\/alpagrumi.ch\/it\/wp-json\/wp\/v2\/media\/359"}],"wp:attachment":[{"href":"https:\/\/alpagrumi.ch\/it\/wp-json\/wp\/v2\/media?parent=765"}],"wp:term":[{"taxonomy":"product_brand","embeddable":true,"href":"https:\/\/alpagrumi.ch\/it\/wp-json\/wp\/v2\/product_brand?post=765"},{"taxonomy":"product_cat","embeddable":true,"href":"https:\/\/alpagrumi.ch\/it\/wp-json\/wp\/v2\/product_cat?post=765"},{"taxonomy":"product_tag","embeddable":true,"href":"https:\/\/alpagrumi.ch\/it\/wp-json\/wp\/v2\/product_tag?post=765"}],"curies":[{"name":"wp","href":"https:\/\/api.w.org\/{rel}","templated":true}]}}