{"id":7851,"date":"2023-02-19T16:33:19","date_gmt":"2023-02-19T15:33:19","guid":{"rendered":"https:\/\/alpagrumi.ch\/produit\/mandarino-satsuma-okitsu\/"},"modified":"2026-03-07T13:01:19","modified_gmt":"2026-03-07T12:01:19","slug":"satsuma-okitsul","status":"publish","type":"product","link":"https:\/\/alpagrumi.ch\/it\/prodotto\/satsuma-okitsul\/","title":{"rendered":"Mandarino Satsuma Okitsu"},"content":{"rendered":"<p>Il Satsuma \u00e8 l&#8217;agrume pi\u00f9 comunemente consumato dai giapponesi, con il nome di Mikan o Unshu.<br \/>\nSatsuma \u00e8 il nome dell&#8217;antica provincia del Giappone in cui l&#8217;albero \u00e8 stato selezionato e coltivato fin dal XVI secolo.<br \/>\nUn milione di giovani alberi sono stati esportati via mare all&#8217;inizio del XX secolo per essere piantati in Florida.<\/p>\n<p>La variet\u00e0 Okitsu \u00e8 pi\u00f9 precoce della Owari: la raccolta avviene tra novembre e dicembre.<br \/>\nIl frutto \u00e8 succoso, con pochi semi e facile da sbucciare.<br \/>\nPu\u00f2 essere consumato leggermente verde per chi preferisce una maggiore acidit\u00e0.<br \/>\nUna volta arancione, il frutto \u00e8 morbido e dolce, con un intenso sapore di mandarino.<\/p>\n<p>L&#8217;albero di Okitsu \u00e8 vigoroso e molto produttivo, senza spine e con portamento eretto.<\/p>\n<p>Riferimenti:<br \/>\n<a href=\"https:\/\/idtools.org\/tools\/1076\/index.cfm?packageID=1179&amp;entityID=8664\">https:\/\/idtools.org\/tools\/1076\/index.cfm?packageID=1179&amp;entityID=8664<\/a><br \/>\n<a href=\"https:\/\/edis.ifas.ufl.edu\/publication\/CH116\">https:\/\/edis.ifas.ufl.edu\/publication\/CH116<\/a><\/p>\n<p>&nbsp;<\/p>\n","protected":false},"excerpt":{"rendered":"<p><em>(Citrus unshiu)<br \/>\n<\/em>Su portainnesto Forner-Alcaide 5 (FA5)<\/p>\n<p><span style=\"color: #ff6600\"><strong> <\/strong><\/span><\/p>\n<p>&nbsp;<\/p>\n","protected":false},"featured_media":4749,"comment_status":"closed","ping_status":"closed","template":"","meta":{"_seopress_robots_primary_cat":"none","_seopress_titles_title":"","_seopress_titles_desc":"","_seopress_robots_index":""},"product_brand":[],"product_cat":[50],"product_tag":[],"class_list":{"0":"post-7851","1":"product","2":"type-product","3":"status-publish","4":"has-post-thumbnail","6":"product_cat-non-classificato","7":"pa_taille-grande-it","8":"pa_taille-medio","9":"pa_taille-piccolo","11":"first","12":"instock","13":"purchasable","14":"product-type-variable","15":"has-default-attributes"},"_links":{"self":[{"href":"https:\/\/alpagrumi.ch\/it\/wp-json\/wp\/v2\/product\/7851","targetHints":{"allow":["GET"]}}],"collection":[{"href":"https:\/\/alpagrumi.ch\/it\/wp-json\/wp\/v2\/product"}],"about":[{"href":"https:\/\/alpagrumi.ch\/it\/wp-json\/wp\/v2\/types\/product"}],"replies":[{"embeddable":true,"href":"https:\/\/alpagrumi.ch\/it\/wp-json\/wp\/v2\/comments?post=7851"}],"wp:featuredmedia":[{"embeddable":true,"href":"https:\/\/alpagrumi.ch\/it\/wp-json\/wp\/v2\/media\/4749"}],"wp:attachment":[{"href":"https:\/\/alpagrumi.ch\/it\/wp-json\/wp\/v2\/media?parent=7851"}],"wp:term":[{"taxonomy":"product_brand","embeddable":true,"href":"https:\/\/alpagrumi.ch\/it\/wp-json\/wp\/v2\/product_brand?post=7851"},{"taxonomy":"product_cat","embeddable":true,"href":"https:\/\/alpagrumi.ch\/it\/wp-json\/wp\/v2\/product_cat?post=7851"},{"taxonomy":"product_tag","embeddable":true,"href":"https:\/\/alpagrumi.ch\/it\/wp-json\/wp\/v2\/product_tag?post=7851"}],"curies":[{"name":"wp","href":"https:\/\/api.w.org\/{rel}","templated":true}]}}